{"id":18,"date":"2026-02-16T04:01:21","date_gmt":"2026-02-16T04:01:21","guid":{"rendered":"http:\/\/consortiumdeprestige.sn\/?page_id=18"},"modified":"2026-02-16T04:03:02","modified_gmt":"2026-02-16T04:03:02","slug":"elementor-18","status":"publish","type":"page","link":"https:\/\/consortiumdeprestige.sn\/?page_id=18","title":{"rendered":"Elementor #18"},"content":{"rendered":"\t\t<div data-elementor-type=\"wp-post\" data-elementor-id=\"18\" class=\"elementor elementor-18\">\n\t\t\t\t<div class=\"elementor-element elementor-element-598a9be e-flex e-con-boxed e-con e-parent\" data-id=\"598a9be\" data-element_type=\"container\" data-e-type=\"container\">\n\t\t\t\t\t<div class=\"e-con-inner\">\n\t\t\t\t<div class=\"elementor-element elementor-element-9db3f74 elementor-widget elementor-widget-heading\" data-id=\"9db3f74\" data-element_type=\"widget\" data-e-type=\"widget\" data-widget_type=\"heading.default\">\n\t\t\t\t\t<h2 class=\"elementor-heading-title elementor-size-default\"><span data-elementor-setting-key=\"title\" data-pen-placeholder=\"Type Here...\" style=\"border: 0px;font-size: 1.875rem;vertical-align: baseline;clear: none;line-height: 1.3em\">Construire avec rigueur<\/span><\/h2>\t\t\t\t<\/div>\n\t\t\t\t<div class=\"elementor-element elementor-element-f4b92c7 elementor-widget elementor-widget-text-editor\" data-id=\"f4b92c7\" data-element_type=\"widget\" data-e-type=\"widget\" data-widget_type=\"text-editor.default\">\n\t\t\t\t\t\t\t\t\t<p><span style=\"caret-color: #000000; color: #000000; font-size: medium;\">Consortium de Prestige d\u2019Entreprise est sp\u00e9cialis\u00e9 en g\u00e9nie civil, construction et gestion de projets BTP au S\u00e9n\u00e9gal.<\/span><\/p>\t\t\t\t\t\t\t\t<\/div>\n\t\t\t\t<div class=\"elementor-element elementor-element-cd3d08c elementor-widget elementor-widget-button\" data-id=\"cd3d08c\" data-element_type=\"widget\" data-e-type=\"widget\" data-widget_type=\"button.default\">\n\t\t\t\t\t\t\t\t\t\t<a class=\"elementor-button elementor-button-link elementor-size-sm\" href=\"#\">\n\t\t\t\t\t\t<span class=\"elementor-button-content-wrapper\">\n\t\t\t\t\t\t<span class=\"elementor-button-icon\">\n\t\t\t\t<svg aria-hidden=\"true\" class=\"e-font-icon-svg e-fab-dev\" viewBox=\"0 0 448 512\" xmlns=\"http:\/\/www.w3.org\/2000\/svg\"><path d=\"M120.12 208.29c-3.88-2.9-7.77-4.35-11.65-4.35H91.03v104.47h17.45c3.88 0 7.77-1.45 11.65-4.35 3.88-2.9 5.82-7.25 5.82-13.06v-69.65c-.01-5.8-1.96-10.16-5.83-13.06zM404.1 32H43.9C19.7 32 .06 51.59 0 75.8v360.4C.06 460.41 19.7 480 43.9 480h360.2c24.21 0 43.84-19.59 43.9-43.8V75.8c-.06-24.21-19.7-43.8-43.9-43.8zM154.2 291.19c0 18.81-11.61 47.31-48.36 47.25h-46.4V172.98h47.38c35.44 0 47.36 28.46 47.37 47.28l.01 70.93zm100.68-88.66H201.6v38.42h32.57v29.57H201.6v38.41h53.29v29.57h-62.18c-11.16.29-20.44-8.53-20.72-19.69V193.7c-.27-11.15 8.56-20.41 19.71-20.69h63.19l-.01 29.52zm103.64 115.29c-13.2 30.75-36.85 24.63-47.44 0l-38.53-144.8h32.57l29.71 113.72 29.57-113.72h32.58l-38.46 144.8z\"><\/path><\/svg>\t\t\t<\/span>\n\t\t\t\t\t\t\t\t\t<span class=\"elementor-button-text\">Demander un devis<\/span>\n\t\t\t\t\t<\/span>\n\t\t\t\t\t<\/a>\n\t\t\t\t\t\t\t\t<\/div>\n\t\t\t\t\t<\/div>\n\t\t\t\t<\/div>\n\t\t\t\t<\/div>\n\t\t","protected":false},"excerpt":{"rendered":"<p>Construire avec rigueur Consortium de Prestige d\u2019Entreprise est sp\u00e9cialis\u00e9 en g\u00e9nie civil, construction et gestion de projets BTP au S\u00e9n\u00e9gal. [&hellip;]<\/p>\n","protected":false},"author":2,"featured_media":0,"parent":0,"menu_order":0,"comment_status":"closed","ping_status":"closed","template":"","meta":{"site-sidebar-layout":"no-sidebar","site-content-layout":"","ast-site-content-layout":"full-width-container","site-content-style":"default","site-sidebar-style":"default","ast-global-header-display":"","ast-banner-title-visibility":"","ast-main-header-display":"","ast-hfb-above-header-display":"","ast-hfb-below-header-display":"","ast-hfb-mobile-header-display":"","site-post-title":"","ast-breadcrumbs-content":"","ast-featured-img":"disabled","footer-sml-layout":"","ast-disable-related-posts":"","theme-transparent-header-meta":"","adv-header-id-meta":"","stick-header-meta":"","header-above-stick-meta":"","header-main-stick-meta":"","header-below-stick-meta":"","astra-migrate-meta-layouts":"default","ast-page-background-enabled":"default","ast-page-background-meta":{"desktop":{"background-color":"var(--ast-global-color-5)","background-image":"","background-repeat":"repeat","background-position":"center center","background-size":"auto","background-attachment":"scroll","background-type":"","background-media":"","overlay-type":"","overlay-color":"","overlay-opacity":"","overlay-gradient":""},"tablet":{"background-color":"","background-image":"","background-repeat":"repeat","background-position":"center center","background-size":"auto","background-attachment":"scroll","background-type":"","background-media":"","overlay-type":"","overlay-color":"","overlay-opacity":"","overlay-gradient":""},"mobile":{"background-color":"","background-image":"","background-repeat":"repeat","background-position":"center center","background-size":"auto","background-attachment":"scroll","background-type":"","background-media":"","overlay-type":"","overlay-color":"","overlay-opacity":"","overlay-gradient":""}},"ast-content-background-meta":{"desktop":{"background-color":"var(--ast-global-color-4)","background-image":"","background-repeat":"repeat","background-position":"center center","background-size":"auto","background-attachment":"scroll","background-type":"","background-media":"","overlay-type":"","overlay-color":"","overlay-opacity":"","overlay-gradient":""},"tablet":{"background-color":"var(--ast-global-color-4)","background-image":"","background-repeat":"repeat","background-position":"center center","background-size":"auto","background-attachment":"scroll","background-type":"","background-media":"","overlay-type":"","overlay-color":"","overlay-opacity":"","overlay-gradient":""},"mobile":{"background-color":"var(--ast-global-color-4)","background-image":"","background-repeat":"repeat","background-position":"center center","background-size":"auto","background-attachment":"scroll","background-type":"","background-media":"","overlay-type":"","overlay-color":"","overlay-opacity":"","overlay-gradient":""}},"footnotes":""},"class_list":["post-18","page","type-page","status-publish","hentry"],"_links":{"self":[{"href":"https:\/\/consortiumdeprestige.sn\/index.php?rest_route=\/wp\/v2\/pages\/18","targetHints":{"allow":["GET"]}}],"collection":[{"href":"https:\/\/consortiumdeprestige.sn\/index.php?rest_route=\/wp\/v2\/pages"}],"about":[{"href":"https:\/\/consortiumdeprestige.sn\/index.php?rest_route=\/wp\/v2\/types\/page"}],"author":[{"embeddable":true,"href":"https:\/\/consortiumdeprestige.sn\/index.php?rest_route=\/wp\/v2\/users\/2"}],"replies":[{"embeddable":true,"href":"https:\/\/consortiumdeprestige.sn\/index.php?rest_route=%2Fwp%2Fv2%2Fcomments&post=18"}],"version-history":[{"count":5,"href":"https:\/\/consortiumdeprestige.sn\/index.php?rest_route=\/wp\/v2\/pages\/18\/revisions"}],"predecessor-version":[{"id":28,"href":"https:\/\/consortiumdeprestige.sn\/index.php?rest_route=\/wp\/v2\/pages\/18\/revisions\/28"}],"wp:attachment":[{"href":"https:\/\/consortiumdeprestige.sn\/index.php?rest_route=%2Fwp%2Fv2%2Fmedia&parent=18"}],"curies":[{"name":"wp","href":"https:\/\/api.w.org\/{rel}","templated":true}]}}